{"id":1092,"date":"2014-04-16T15:30:35","date_gmt":"2014-04-16T12:30:35","guid":{"rendered":"http:\/\/www.kuntsi.net\/viipyy\/?page_id=1092"},"modified":"2015-08-03T00:06:44","modified_gmt":"2015-08-02T21:06:44","slug":"kilometrikisa-2014","status":"publish","type":"page","link":"https:\/\/www.kuntsi.net\/viipyy\/kilometrikisa\/kilometrikisa-2014\/","title":{"rendered":"Kilometrikisa 2014"},"content":{"rendered":"<p><strong>Ilmottautuminen k\u00e4ynniss\u00e4!<\/strong><\/p>\n<p>Kisa alkaa 1.5.2014 =&gt;\u00a0<a href=\"http:\/\/www.kuntsi.net\/viipyy\/kilometrikisa\/rekisteroidu-joukkueeseen\/\">Lue ohjeet<\/a>\u00a0jos haluat mukaan<\/p>\n<p><strong>Kisa etenee<\/strong><\/p>\n<p>14.04.2014 <strong>Viipyy &#8211;\u00a0Team Viitasaari<\/strong>\u00a0joukkue perustettu Kilometrikisa sivuilla<br \/>\n16.04.2014 Team Viitasaari joukkueeseen\u00a0ilmottautunut\u00a0<strong>10 py\u00f6r\u00e4ilij\u00e4\u00e4<br \/>\n<\/strong>03.05.2014 Team Viitasaari joukkueeseen\u00a0ilmottautunut\u00a0<strong>15 py\u00f6r\u00e4ilij\u00e4\u00e4 &#8211; KISA K\u00c4YNNISS\u00c4!<br \/>\n<\/strong>05.05.2014 Team Viitasaari joukkueeseen\u00a0ilmottautunut\u00a0<strong>17 py\u00f6r\u00e4ilij\u00e4\u00e4<\/strong> &#8211; 1000 kilometri\u00e4 kasassa!<br \/>\n11.05.2014 Team Viitasaari joukkueeseen\u00a0ilmottautunut\u00a0<strong>17 py\u00f6r\u00e4ilij\u00e4\u00e4<\/strong>\u00a0&#8211; 2000 kilometri\u00e4 kasassa!<br \/>\n12.05.2014 Team Viitasaari joukkueeseen\u00a0ilmottautunut\u00a0<strong>20\u00a0py\u00f6r\u00e4ilij\u00e4\u00e4<br \/>\n<\/strong>20.05.2014 Team Viitasaari joukkueeseen\u00a0ilmottautunut\u00a0<strong>21\u00a0py\u00f6r\u00e4ilij\u00e4\u00e4<\/strong>\u00a0&#8211; 5000 kilometri\u00e4 kasassa!<br \/>\n19.06.2014 Team Viitasaari joukkueeseen\u00a0ilmottautunut\u00a0<strong>21\u00a0py\u00f6r\u00e4ilij\u00e4\u00e4<\/strong>\u00a0&#8211; 10000 kilometri\u00e4 kasassa!<br \/>\n08.07.2014 Team Viitasaari joukkueeseen\u00a0ilmottautunut\u00a0<strong>22 py\u00f6r\u00e4ilij\u00e4\u00e4<\/strong>\u00a0&#8211; 15000 kilometri\u00e4 kasassa!<br \/>\n11.07.2014 Team Viitasaari joukkueeseen\u00a0ilmottautunut\u00a0<strong>22 py\u00f6r\u00e4ilij\u00e4\u00e4<\/strong>\u00a0&#8211; 20000 kilometri\u00e4 kasassa!<br \/>\n09.08.2014 Team Viitasaari joukkueeseen\u00a0ilmottautunut\u00a0<strong>23 py\u00f6r\u00e4ilij\u00e4\u00e4<\/strong>\u00a0&#8211; 25000 kilometri\u00e4 kasassa!<br \/>\n25.08.2014 Team Viitasaari joukkueeseen\u00a0ilmottautunut\u00a0<strong>23 py\u00f6r\u00e4ilij\u00e4\u00e4<\/strong>\u00a0&#8211; 30000 kilometri\u00e4 kasassa!<br \/>\n09.09.2014 Team Viitasaari joukkueeseen\u00a0ilmottautunut\u00a0<strong>23 py\u00f6r\u00e4ilij\u00e4\u00e4<\/strong>\u00a0&#8211; 35000 kilometri\u00e4 kasassa!<br \/>\n22.09.2014 <strong>Kisa p\u00e4\u00e4ttynyt!<\/strong> 22 py\u00f6r\u00e4ilij\u00e4\u00e4 polki Viipyyn pottiin\u00a0huikeat\u00a0<strong>38606,5<\/strong> kilometri\u00e4!<\/p>\n<p>Team Viitasaari joukkueen aikaansaannokset kisaviikoittain,\u00a0joka sunnuntai hieman ennen puolta y\u00f6t\u00e4 p\u00e4ivitettyn\u00e4.<\/p>\n<table border=\"0\" width=\"681\" cellspacing=\"0\" cellpadding=\"0\">\n<colgroup>\n<col width=\"64\" \/>\n<col width=\"69\" \/>\n<col width=\"75\" \/>\n<col width=\"112\" \/>\n<col width=\"88\" \/>\n<col width=\"77\" \/>\n<col width=\"64\" \/>\n<col width=\"68\" \/>\n<col width=\"64\" \/><\/colgroup>\n<tbody>\n<tr>\n<td width=\"64\" height=\"20\"><\/td>\n<td style=\"text-align: center;\" width=\"69\">kisaviikko<\/td>\n<td style=\"text-align: center;\" width=\"75\">sijoitus ka<\/td>\n<td style=\"text-align: center;\" width=\"112\">sijoitus km yht<\/td>\n<td style=\"text-align: center;\" width=\"88\">py\u00f6r\u00e4ilij\u00f6it\u00e4<\/td>\n<td style=\"text-align: center;\" width=\"77\">merkkaajat<\/td>\n<td style=\"text-align: center;\" width=\"64\">km<\/td>\n<td style=\"text-align: center;\" width=\"68\">km viikko<\/td>\n<td style=\"text-align: center;\" width=\"64\">km ka<\/td>\n<\/tr>\n<tr>\n<td style=\"text-align: center;\" height=\"20\">4.5.<\/td>\n<td style=\"text-align: center;\">1<\/td>\n<td style=\"text-align: center;\">77\/1755<\/td>\n<td style=\"text-align: center;\">27\/1755<\/td>\n<td style=\"text-align: center;\">16<\/td>\n<td style=\"text-align: center;\">11\/16<\/td>\n<td style=\"text-align: center;\">800,2<\/td>\n<td style=\"text-align: center;\">800,2<\/td>\n<td style=\"text-align: center;\">66,7<\/td>\n<\/tr>\n<tr>\n<td style=\"text-align: center;\" height=\"20\">11.5.<\/td>\n<td style=\"text-align: center;\">2<\/td>\n<td style=\"text-align: center;\">66\/1957<\/td>\n<td style=\"text-align: center;\">29\/1957<\/td>\n<td style=\"text-align: center;\">17<\/td>\n<td style=\"text-align: center;\">14\/17<\/td>\n<td style=\"text-align: center;\">2099,0<\/td>\n<td style=\"text-align: center;\">1298,8<\/td>\n<td style=\"text-align: center;\">149,9<\/td>\n<\/tr>\n<tr>\n<td style=\"text-align: center;\" height=\"20\">18.5.<\/td>\n<td style=\"text-align: center;\">3<\/td>\n<td style=\"text-align: center;\">189\/2038<\/td>\n<td style=\"text-align: center;\">39\/2038<\/td>\n<td style=\"text-align: center;\">21<\/td>\n<td style=\"text-align: center;\">18\/21<\/td>\n<td style=\"text-align: center;\">3306,1<\/td>\n<td style=\"text-align: center;\">1207,1<\/td>\n<td style=\"text-align: center;\">183,7<\/td>\n<\/tr>\n<tr>\n<td style=\"text-align: center;\" height=\"20\">25.5.<\/td>\n<td style=\"text-align: center;\">4<\/td>\n<td style=\"text-align: center;\">161\/2079<\/td>\n<td style=\"text-align: center;\">28\/2079<\/td>\n<td style=\"text-align: center;\">21<\/td>\n<td style=\"text-align: center;\">19\/21<\/td>\n<td style=\"text-align: center;\">5258,4<\/td>\n<td style=\"text-align: center;\">1952,3<\/td>\n<td style=\"text-align: center;\">276,8<\/td>\n<\/tr>\n<tr>\n<td style=\"text-align: center;\" height=\"20\">1.6.<\/td>\n<td style=\"text-align: center;\">5<\/td>\n<td style=\"text-align: center;\">237\/2080<\/td>\n<td style=\"text-align: center;\">35\/2080<\/td>\n<td style=\"text-align: center;\">21<\/td>\n<td style=\"text-align: center;\">20\/21<\/td>\n<td style=\"text-align: center;\">6067,8<\/td>\n<td style=\"text-align: center;\">809,4<\/td>\n<td style=\"text-align: center;\">303,4<\/td>\n<\/tr>\n<tr>\n<td style=\"text-align: center;\" height=\"20\">8.6.<\/td>\n<td style=\"text-align: center;\">6<\/td>\n<td style=\"text-align: center;\">202\/2089<\/td>\n<td style=\"text-align: center;\">25\/2089<\/td>\n<td style=\"text-align: center;\">21<\/td>\n<td style=\"text-align: center;\">20\/21<\/td>\n<td style=\"text-align: center;\">8012,4<\/td>\n<td style=\"text-align: center;\">1944,6<\/td>\n<td style=\"text-align: center;\">400,6<\/td>\n<\/tr>\n<tr>\n<td style=\"text-align: center;\" height=\"20\">15.6.<\/td>\n<td style=\"text-align: center;\">7<\/td>\n<td style=\"text-align: center;\">187\/2103<\/td>\n<td style=\"text-align: center;\">24\/2103<\/td>\n<td style=\"text-align: center;\">21<\/td>\n<td style=\"text-align: center;\">20\/21<\/td>\n<td style=\"text-align: center;\">9681,1<\/td>\n<td style=\"text-align: center;\">1668,7<\/td>\n<td style=\"text-align: center;\">484,1<\/td>\n<\/tr>\n<tr>\n<td style=\"text-align: center;\" height=\"20\">22.6.<\/td>\n<td style=\"text-align: center;\">8<\/td>\n<td style=\"text-align: center;\">194\/2106<\/td>\n<td style=\"text-align: center;\">23\/2106<\/td>\n<td style=\"text-align: center;\">21<\/td>\n<td style=\"text-align: center;\">20\/21<\/td>\n<td style=\"text-align: center;\">10568,7<\/td>\n<td style=\"text-align: center;\">887,6<\/td>\n<td style=\"text-align: center;\">528,4<\/td>\n<\/tr>\n<tr>\n<td style=\"text-align: center;\" height=\"20\">29.6.<\/td>\n<td style=\"text-align: center;\">9<\/td>\n<td style=\"text-align: center;\">161\/2113<\/td>\n<td style=\"text-align: center;\">19\/2113<\/td>\n<td style=\"text-align: center;\">21<\/td>\n<td style=\"text-align: center;\">20\/21<\/td>\n<td style=\"text-align: center;\">12560,4<\/td>\n<td style=\"text-align: center;\">1991,7<\/td>\n<td style=\"text-align: center;\">628,0<\/td>\n<\/tr>\n<tr>\n<td style=\"text-align: center;\" height=\"20\">6.7.<\/td>\n<td style=\"text-align: center;\">10<\/td>\n<td style=\"text-align: center;\">158\/2112<\/td>\n<td style=\"text-align: center;\">18\/2112<\/td>\n<td style=\"text-align: center;\">22<\/td>\n<td style=\"text-align: center;\">21\/22<\/td>\n<td style=\"text-align: center;\">14645,1<\/td>\n<td style=\"text-align: center;\">2084,7<\/td>\n<td style=\"text-align: center;\">697,4<\/td>\n<\/tr>\n<tr>\n<td style=\"text-align: center;\" height=\"20\">13.7.<\/td>\n<td style=\"text-align: center;\">11<\/td>\n<td style=\"text-align: center;\">152\/2115<\/td>\n<td style=\"text-align: center;\">16\/2115<\/td>\n<td style=\"text-align: center;\">22<\/td>\n<td style=\"text-align: center;\">21\/22<\/td>\n<td style=\"text-align: center;\">16431,0<\/td>\n<td style=\"text-align: center;\">1785,9<\/td>\n<td style=\"text-align: center;\">782,4<\/td>\n<\/tr>\n<tr>\n<td style=\"text-align: center;\" height=\"20\">20.7.<\/td>\n<td style=\"text-align: center;\">12<\/td>\n<td style=\"text-align: center;\">139\/2118<\/td>\n<td style=\"text-align: center;\">16\/2118<\/td>\n<td style=\"text-align: center;\">22<\/td>\n<td style=\"text-align: center;\">21\/22<\/td>\n<td style=\"text-align: center;\">18515,3<\/td>\n<td style=\"text-align: center;\">2084,3<\/td>\n<td style=\"text-align: center;\">881,7<\/td>\n<\/tr>\n<tr>\n<td style=\"text-align: center;\" height=\"20\">27.7.<\/td>\n<td style=\"text-align: center;\">13<\/td>\n<td style=\"text-align: center;\">134\/2113<\/td>\n<td style=\"text-align: center;\">13\/2113<\/td>\n<td style=\"text-align: center;\">22<\/td>\n<td style=\"text-align: center;\">21\/22<\/td>\n<td style=\"text-align: center;\">21206,1<\/td>\n<td style=\"text-align: center;\">2690,8<\/td>\n<td style=\"text-align: center;\">963,9<\/td>\n<\/tr>\n<tr>\n<td style=\"text-align: center;\" height=\"20\">3.8.<\/td>\n<td style=\"text-align: center;\">14<\/td>\n<td style=\"text-align: center;\">131\/2117<\/td>\n<td style=\"text-align: center;\">11\/2117<\/td>\n<td style=\"text-align: center;\">23<\/td>\n<td style=\"text-align: center;\">22\/23<\/td>\n<td style=\"text-align: center;\">23221,3<\/td>\n<td style=\"text-align: center;\">2015,2<\/td>\n<td style=\"text-align: center;\">1055,5<\/td>\n<\/tr>\n<tr>\n<td style=\"text-align: center;\" height=\"20\">10.8.<\/td>\n<td style=\"text-align: center;\">15<\/td>\n<td style=\"text-align: center;\">110\/2117<\/td>\n<td style=\"text-align: center;\">8\/2117<\/td>\n<td style=\"text-align: center;\">23<\/td>\n<td style=\"text-align: center;\">22\/23<\/td>\n<td style=\"text-align: center;\">26500,4<\/td>\n<td style=\"text-align: center;\">3279,1<\/td>\n<td style=\"text-align: center;\">1204,6<\/td>\n<\/tr>\n<tr>\n<td style=\"text-align: center;\" height=\"20\">17.8.<\/td>\n<td style=\"text-align: center;\">16<\/td>\n<td style=\"text-align: center;\">109\/2116<\/td>\n<td style=\"text-align: center;\">9\/2116<\/td>\n<td style=\"text-align: center;\">23<\/td>\n<td style=\"text-align: center;\">22\/23<\/td>\n<td style=\"text-align: center;\">28374,2<\/td>\n<td style=\"text-align: center;\">1873,8<\/td>\n<td style=\"text-align: center;\">1289,7<\/td>\n<\/tr>\n<tr>\n<td style=\"text-align: center;\" height=\"20\">24.8.<\/td>\n<td style=\"text-align: center;\">17<\/td>\n<td style=\"text-align: center;\">108\/2117<\/td>\n<td style=\"text-align: center;\">7\/2117<\/td>\n<td style=\"text-align: center;\">23<\/td>\n<td style=\"text-align: center;\">22\/23<\/td>\n<td style=\"text-align: center;\">30763,7<\/td>\n<td style=\"text-align: center;\">2389,5<\/td>\n<td style=\"text-align: center;\">1398,4<\/td>\n<\/tr>\n<tr>\n<td style=\"text-align: center;\" height=\"20\">31.8.<\/td>\n<td style=\"text-align: center;\">18<\/td>\n<td style=\"text-align: center;\">106\/2116<\/td>\n<td style=\"text-align: center;\">6\/2116<\/td>\n<td style=\"text-align: center;\">23<\/td>\n<td style=\"text-align: center;\">22\/23<\/td>\n<td style=\"text-align: center;\">32547,2<\/td>\n<td style=\"text-align: center;\">1783,5<\/td>\n<td style=\"text-align: center;\">1479,4<\/td>\n<\/tr>\n<tr>\n<td style=\"text-align: center;\" height=\"20\">7.9.<\/td>\n<td style=\"text-align: center;\">19<\/td>\n<td style=\"text-align: center;\">102\/2117<\/td>\n<td style=\"text-align: center;\">6\/2117<\/td>\n<td style=\"text-align: center;\">23<\/td>\n<td style=\"text-align: center;\">22\/23<\/td>\n<td style=\"text-align: center;\">34791,8<\/td>\n<td style=\"text-align: center;\">2244,6<\/td>\n<td style=\"text-align: center;\">1581,5<\/td>\n<\/tr>\n<tr>\n<td style=\"text-align: center;\" height=\"20\">14.9.<\/td>\n<td style=\"text-align: center;\">20<\/td>\n<td style=\"text-align: center;\">100\/2124<\/td>\n<td style=\"text-align: center;\">5\/2124<\/td>\n<td style=\"text-align: center;\">23<\/td>\n<td style=\"text-align: center;\">22\/23<\/td>\n<td style=\"text-align: center;\">36344,1<\/td>\n<td style=\"text-align: center;\">1552,3<\/td>\n<td style=\"text-align: center;\">1652,0<\/td>\n<\/tr>\n<tr>\n<td style=\"text-align: center;\" height=\"20\">21.9.<\/td>\n<td style=\"text-align: center;\">21<\/td>\n<td style=\"text-align: center;\">100\/2129<\/td>\n<td style=\"text-align: center;\">4\/2129<\/td>\n<td style=\"text-align: center;\">23<\/td>\n<td style=\"text-align: center;\">22\/23<\/td>\n<td style=\"text-align: center;\">38189,7<\/td>\n<td style=\"text-align: center;\">1845,6<\/td>\n<td style=\"text-align: center;\">1735,9<\/td>\n<\/tr>\n<tr>\n<td style=\"text-align: center;\" height=\"20\"><strong>22.9.<\/strong><\/td>\n<td style=\"text-align: center;\"><strong>22<\/strong><\/td>\n<td style=\"text-align: center;\"><strong>101\/2128<\/strong><\/td>\n<td style=\"text-align: center;\"><strong>7\/2128<\/strong><\/td>\n<td style=\"text-align: center;\"><strong>23<\/strong><\/td>\n<td style=\"text-align: center;\"><strong>22\/23<\/strong><\/td>\n<td style=\"text-align: center;\"><strong>38606,5<\/strong><\/td>\n<td style=\"text-align: center;\"><strong>416,8<\/strong><\/td>\n<td style=\"text-align: center;\"><strong>1754,8<\/strong><\/td>\n<\/tr>\n<\/tbody>\n<\/table>\n","protected":false},"excerpt":{"rendered":"<p>Ilmottautuminen k\u00e4ynniss\u00e4! Kisa alkaa 1.5.2014 =&gt;\u00a0Lue ohjeet\u00a0jos haluat mukaan Kisa etenee 14.04.2014 Viipyy &#8211;\u00a0Team Viitasaari\u00a0joukkue perustettu Kilometrikisa sivuilla 16.04.2014 Team Viitasaari joukkueeseen\u00a0ilmottautunut\u00a010 py\u00f6r\u00e4ilij\u00e4\u00e4 03.05.2014 Team Viitasaari joukkueeseen\u00a0ilmottautunut\u00a015 py\u00f6r\u00e4ilij\u00e4\u00e4 &#8211; KISA K\u00c4YNNISS\u00c4! 05.05.2014 Team Viitasaari joukkueeseen\u00a0ilmottautunut\u00a017 py\u00f6r\u00e4ilij\u00e4\u00e4 &#8211; 1000 kilometri\u00e4 kasassa! &hellip; <a href=\"https:\/\/www.kuntsi.net\/viipyy\/kilometrikisa\/kilometrikisa-2014\/\">Lue loppuun <span class=\"meta-nav\">&rarr;<\/span><\/a><\/p>\n","protected":false},"author":1,"featured_media":0,"parent":971,"menu_order":10,"comment_status":"open","ping_status":"open","template":"","meta":{"footnotes":""},"class_list":["post-1092","page","type-page","status-publish","hentry"],"_links":{"self":[{"href":"https:\/\/www.kuntsi.net\/viipyy\/wp-json\/wp\/v2\/pages\/1092","targetHints":{"allow":["GET"]}}],"collection":[{"href":"https:\/\/www.kuntsi.net\/viipyy\/wp-json\/wp\/v2\/pages"}],"about":[{"href":"https:\/\/www.kuntsi.net\/viipyy\/wp-json\/wp\/v2\/types\/page"}],"author":[{"embeddable":true,"href":"https:\/\/www.kuntsi.net\/viipyy\/wp-json\/wp\/v2\/users\/1"}],"replies":[{"embeddable":true,"href":"https:\/\/www.kuntsi.net\/viipyy\/wp-json\/wp\/v2\/comments?post=1092"}],"version-history":[{"count":42,"href":"https:\/\/www.kuntsi.net\/viipyy\/wp-json\/wp\/v2\/pages\/1092\/revisions"}],"predecessor-version":[{"id":1259,"href":"https:\/\/www.kuntsi.net\/viipyy\/wp-json\/wp\/v2\/pages\/1092\/revisions\/1259"}],"up":[{"embeddable":true,"href":"https:\/\/www.kuntsi.net\/viipyy\/wp-json\/wp\/v2\/pages\/971"}],"wp:attachment":[{"href":"https:\/\/www.kuntsi.net\/viipyy\/wp-json\/wp\/v2\/media?parent=1092"}],"curies":[{"name":"wp","href":"https:\/\/api.w.org\/{rel}","templated":true}]}}