{"id":1197,"date":"2014-10-19T13:09:06","date_gmt":"2014-10-19T10:09:06","guid":{"rendered":"http:\/\/www.kuntsi.net\/viipyy\/?page_id=1197"},"modified":"2025-04-03T18:35:21","modified_gmt":"2025-04-03T15:35:21","slug":"huomionosoituksen-saajat","status":"publish","type":"page","link":"https:\/\/www.kuntsi.net\/viipyy\/vuoden-pyorailyteko\/huomionosoituksen-saajat\/","title":{"rendered":"Huomionosoituksen saajat"},"content":{"rendered":"<p><strong>Vuoden py\u00f6r\u00e4ilyteko huomionosoituksen saajat<\/strong><\/p>\n<p><strong>2024 &#8211; Mikko Koivisto<\/strong><\/p>\n<p>Mikko on ollut alusta &#8211; eli vuodesta 2013 &#8211; saakka ollut aktiivisesti mukana py\u00f6r\u00e4ily-yhteis\u00f6n toiminnassa. H\u00e4n on tuonut mukanaan kaikille retkille hyv\u00e4\u00e4 tunnelmaa, henke\u00e4 ja huumoria. Py\u00f6r\u00e4retket Mikon seurassa ovat aina kevyempi\u00e4 ja leppoisampia, kuin ilman h\u00e4nt\u00e4. Vaikka olisi rankempikin reitti, niin silti t\u00e4m\u00e4 pit\u00e4\u00e4 paikkansa.<\/p>\n<p>Mikko on antanut hyv\u00e4\u00e4 mallia siin\u00e4, kuinka kalusto pidet\u00e4\u00e4n kunnossa ja puhtaana. Lenkille l\u00e4htiess\u00e4 on h\u00e4nell\u00e4 renkaiden paineet takuulla arkistettu ja kohdallaan. Sekin on n\u00e4hty ett\u00e4 oma polkupy\u00f6r\u00e4 on h\u00e4nelle niin rakas, ettei sit\u00e4 ole raskinut y\u00f6ksi ulos j\u00e4tt\u00e4\u00e4, vaan sen paikka on ollut vuoteen vieress\u00e4.<\/p>\n<p>Ehk\u00e4 ainut pieni kritiikin aihe Mikkoon py\u00f6r\u00e4ilij\u00e4n\u00e4 liittyy siihen, ettei h\u00e4n osaa k\u00e4ytt\u00e4\u00e4 kaikkia py\u00f6r\u00e4n vaihteita. Kevyen v\u00e4lityksen rattaat ovat Mikon py\u00f6r\u00e4ss\u00e4 jokseenkin k\u00e4ytt\u00e4m\u00e4tt\u00f6m\u00e4t<strong>.<\/p>\n<p>2023 &#8211; Antti Hiltunen<br \/>\n<\/strong>Vaikka Viipyy onkin ollut vapaamuotoinen, puolianarkistinen py\u00f6r\u00e4ily-yhteis\u00f6, olemme j\u00e4rjest\u00e4neen ensimm\u00e4isen 10 vuoden aika l\u00e4j\u00e4p\u00e4in tapahtumia, py\u00f6r\u00e4retkist\u00e4 kes\u00e4kausien avajaisiin, remonttipajoista 200 km py\u00f6retkiin ja pienemmist\u00e4 tuumailukokouksista t\u00e4ytekakkuja pursuaviin gaalailtoihin. Ja kaikki t\u00e4m\u00e4 tapahtunut ei ilmestynyt tyhj\u00e4st\u00e4. Tarvitaan ideoitsijoita, j\u00e4rjest\u00e4ji\u00e4 ja osallistujia. Ja ett\u00e4 Viipyyn porukassa on jotain j\u00e4rjestetty, niin Antti on aika usein ollut siin\u00e4 avainasemassa. T\u00f6n\u00e4issyt homman alkuun tai ottanut sen vetopaikan kun muilla on alkanut homma hyytym\u00e4\u00e4n. Antti, yhten\u00e4 &#8221;perustajaj\u00e4senist\u00e4&#8221; on koko 10 vuotisen viipyyuransa aikana edist\u00e4nyt Viitasaarelaista py\u00f6r\u00e4ilykulttuuria, Viitasaaren py\u00f6r\u00e4ily-yhteis\u00f6n toimintaa ja tuonut teoillaan ja puheillaan Viitasaarelle positiivista fillarihenke\u00e4.<\/p>\n<p><strong>2022 <\/strong>&#8211; palkintoa ei jaettu<\/p>\n<p><strong>2021<\/strong> &#8211; palkintoa ei jaettu (Toinen Korona-vuosi)<\/p>\n<p><strong>2020<\/strong> &#8211; palkintoa ei jaettu (Ensimm\u00e4inen Korona-vuosi)<\/p>\n<p><strong>2019 <\/strong>&#8211; Petri Kuntsi<br \/>\n437 500,20 kilometri\u00e4! Sen verran on viitasasaarelaisjoukkue Viipyy &#8211; Team Viitasaari py\u00f6r\u00e4ilyporukka polkenut kilometrej\u00e4 vuodesta 2013 osallistuen 13 eri kilometrikisaan. Ja Petri oli se henkil\u00f6 joka kev\u00e4\u00e4ll\u00e4 2013 sai viitasaarelaispy\u00f6r\u00e4ilij\u00e4t kasaantumaan joukkueeksi ja ottamaan Viipyyn ensi askeleet. Joukkueen kapteenin hommien lis\u00e4ksi palkittu on ollut j\u00e4rjest\u00e4m\u00e4ss\u00e4 py\u00f6r\u00e4osien ja tarvikkeiden kimppatilauksia sek\u00e4 jakanut vinkkej\u00e4 py\u00f6r\u00e4n hankintaan liittyen.<\/p>\n<p><strong>2018<\/strong> &#8211; palkintoa ei jaettu<\/p>\n<p><strong>2017<\/strong> &#8211; Tuula Pajum\u00e4ki<br \/>\nTuula on osoittanut koko vuoden aikana todellista py\u00f6r\u00e4ilyn harrastusintoa. Liikkuessani eri puolilla Viitasaarella ja naapurikunnissa, ihmiset kertoivat Kannonkoskella, Kivij\u00e4rvell\u00e4, Kinnulassa jne. Tuulan ajelleen niin\u00e4 p\u00e4ivin\u00e4 s\u00e4\u00e4ss\u00e4 kuin s\u00e4\u00e4ss\u00e4. H\u00e4n ei antanut ihan pienten ongelmien lannistaa ja est\u00e4\u00e4 tielle l\u00e4ht\u00f6\u00e4 jokseenkin p\u00e4ivitt\u00e4in. Vuoden aikana ker\u00e4\u00e4ntyneet kilometritkin tukevat tuota. Tuollainenhan on &#8217;vuoden py\u00f6r\u00e4ilyteko&#8217; jos mik\u00e4!<\/p>\n<p><strong>2016<\/strong> &#8211; Keijo Kuha<br \/>\nKeijo on tuonut mukanaan viipyyl\u00e4isille monipuolisen\u00a0osaamisensa py\u00f6r\u00e4ilyn joka osa-alueelta ja on jakanut tietojaan niin kurssien muodossa kuin my\u00f6s py\u00f6r\u00e4retkien varrella. Erityisesti vaakakupissa painoi se, ett\u00e4 h\u00e4n on lis\u00e4nnyt osaamistamme py\u00f6r\u00e4n huollossa ja s\u00e4\u00e4d\u00f6iss\u00e4.<\/p>\n<p><strong>2015<\/strong> &#8211; Seija Ruuska<br \/>\nAvulias, huumorintajuinen, retkien hengennostattaja ja aktiivinen itsens\u00e4 kehitt\u00e4j\u00e4. H\u00e4n on varautunut retkille varusteilla muut py\u00f6r\u00e4ilij\u00e4t huomioiden, eli mukana on ollut riitt\u00e4v\u00e4sti niin ty\u00f6kaluja kuin retkiev\u00e4it\u00e4 (kahvia, pullaa, makkaraa). Seija\u00a0on ollut mukana j\u00e4rjest\u00e4m\u00e4ss\u00e4 toimintaa viipyyl\u00e4isille ja on ollut ansioitunut rekrytoija niin kimppalenkeille kuin Kilometrikisa-joukkueeseeen. Erityisesti h\u00e4n on kiinnitt\u00e4nyt huomiota aloituskynnyksen madaltamaiseen. Viel\u00e4 pisteen\u00e4 I:n p\u00e4\u00e4lle Seija\u00a0on hankkimassa itselleen py\u00f6r\u00e4ilynohjaaja koulutuksen ja osallistunut Viitasaaren kevyen liikenteen turvallisuuden parantamiseen Viitasaaren liikenneturvallisuusty\u00f6ryhm\u00e4n j\u00e4senen\u00e4 ja jakanut n\u00e4ist\u00e4 saamaansa tietoa muille py\u00f6r\u00e4ilij\u00f6ille.<\/p>\n<p><strong>2014 &#8211;<\/strong> Arto Paananen<br \/>\nAktiivipy\u00f6r\u00e4ilij\u00e4 joka on rytin\u00e4ll\u00e4 tullut mukaan Viitasaaren py\u00f6r\u00e4ily-yhteis\u00f6n porukkaan. Tuonut omalla persoonallaan huumoria, tarinoita ja oikeaa fillarihenke\u00e4 retkille ja vienyt tietoutta viitasaarelaisesta py\u00f6r\u00e4ilyst\u00e4 omilla ja yhteisill\u00e4 py\u00f6r\u00e4reissulla matkan varrella tavatuille ihmisille. Ja vaikka peruskirjassa mainitaan ett\u00e4 kes\u00e4ll\u00e4 ajettu kilometrim\u00e4\u00e4r\u00e4 ei saa olla pelk\u00e4st\u00e4\u00e4n palkinnon my\u00f6nt\u00e4misperuste, ei sit\u00e4 t\u00e4n\u00e4 vuonna katsottu raskauttavaksi tekij\u00e4ksi<\/p>\n","protected":false},"excerpt":{"rendered":"<p>Vuoden py\u00f6r\u00e4ilyteko huomionosoituksen saajat 2024 &#8211; Mikko Koivisto Mikko on ollut alusta &#8211; eli vuodesta 2013 &#8211; saakka ollut aktiivisesti mukana py\u00f6r\u00e4ily-yhteis\u00f6n toiminnassa. H\u00e4n on tuonut mukanaan kaikille retkille hyv\u00e4\u00e4 tunnelmaa, henke\u00e4 ja huumoria. Py\u00f6r\u00e4retket Mikon seurassa ovat aina kevyempi\u00e4 &hellip; <a href=\"https:\/\/www.kuntsi.net\/viipyy\/vuoden-pyorailyteko\/huomionosoituksen-saajat\/\">Lue loppuun <span class=\"meta-nav\">&rarr;<\/span><\/a><\/p>\n","protected":false},"author":1,"featured_media":0,"parent":1194,"menu_order":0,"comment_status":"closed","ping_status":"open","template":"","meta":{"footnotes":""},"class_list":["post-1197","page","type-page","status-publish","hentry"],"_links":{"self":[{"href":"https:\/\/www.kuntsi.net\/viipyy\/wp-json\/wp\/v2\/pages\/1197","targetHints":{"allow":["GET"]}}],"collection":[{"href":"https:\/\/www.kuntsi.net\/viipyy\/wp-json\/wp\/v2\/pages"}],"about":[{"href":"https:\/\/www.kuntsi.net\/viipyy\/wp-json\/wp\/v2\/types\/page"}],"author":[{"embeddable":true,"href":"https:\/\/www.kuntsi.net\/viipyy\/wp-json\/wp\/v2\/users\/1"}],"replies":[{"embeddable":true,"href":"https:\/\/www.kuntsi.net\/viipyy\/wp-json\/wp\/v2\/comments?post=1197"}],"version-history":[{"count":16,"href":"https:\/\/www.kuntsi.net\/viipyy\/wp-json\/wp\/v2\/pages\/1197\/revisions"}],"predecessor-version":[{"id":16625,"href":"https:\/\/www.kuntsi.net\/viipyy\/wp-json\/wp\/v2\/pages\/1197\/revisions\/16625"}],"up":[{"embeddable":true,"href":"https:\/\/www.kuntsi.net\/viipyy\/wp-json\/wp\/v2\/pages\/1194"}],"wp:attachment":[{"href":"https:\/\/www.kuntsi.net\/viipyy\/wp-json\/wp\/v2\/media?parent=1197"}],"curies":[{"name":"wp","href":"https:\/\/api.w.org\/{rel}","templated":true}]}}