{"id":15996,"date":"2015-12-03T13:07:45","date_gmt":"2015-12-03T11:07:45","guid":{"rendered":"http:\/\/www.kuntsi.net\/viipyy\/?page_id=15996"},"modified":"2015-12-03T13:17:55","modified_gmt":"2015-12-03T11:17:55","slug":"tukijat","status":"publish","type":"page","link":"https:\/\/www.kuntsi.net\/viipyy\/tukijat\/","title":{"rendered":"Tukijat"},"content":{"rendered":"<p>Viitasaaren py\u00f6r\u00e4ily-yhteis\u00f6 puolianarkistisena, ei rekister\u00f6iryneen\u00e4 yhteis\u00f6n\u00e4, ei omaa rahaliikennett\u00e4, tilej\u00e4 tms. vaan rahoittaa toimintansa ns. k\u00e4ytt\u00e4jien (py\u00f6r\u00e4ilij\u00f6iden) lompakoilla suoraan. T\u00e4st\u00e4 syyst\u00e4 emme my\u00f6sk\u00e4\u00e4n ole kovin herkk\u00e4sti olleet k\u00e4si ojossa yritysten ja muiden yhteis\u00f6jen suuntaan, mutta se ei ole tietenk\u00e4\u00e4n est\u00e4nyt heit\u00e4 tukemasta Viitasaaren py\u00f6r\u00e4ily-yhteis\u00f6n toimintaa. Pienikin ele on otettu v\u00e4hint\u00e4\u00e4nkin myh\u00e4ilev\u00e4n tyytyv\u00e4isen\u00e4 vastaan ja muistettu mainostaa asiaa py\u00f6r\u00e4ilij\u00f6iden parissa. N\u00e4m\u00e4 k\u00e4denojennukset on tottakai syyt\u00e4 mainita ihan n\u00e4ill\u00e4kin sivuilla:<\/p>\n<p>&nbsp;<\/p>\n<table border=\"0\" width=\"600\">\n<tbody>\n<tr>\n<td width=\"250\" valign=\"top\"><a href=\"http:\/\/www.kuntsi.net\/viipyy\/wp-content\/uploads\/2015\/08\/logo_koskinen_200.png\" rel=\"attachment wp-att-15905\"><img loading=\"lazy\" decoding=\"async\" class=\"aligncenter size-full wp-image-15905\" src=\"http:\/\/www.kuntsi.net\/viipyy\/wp-content\/uploads\/2015\/08\/logo_koskinen_200.png\" alt=\"logo_koskinen_200\" width=\"230\" height=\"42\" \/><\/a><\/td>\n<td valign=\"top\" width=\"350\">\n<ul>\n<li>Sponsoroivat kes\u00e4ll\u00e4 2015 Karstulan retken huoltoauton polttoaineet<\/li>\n<\/ul>\n<\/td>\n<\/tr>\n<tr>\n<td width=\"250\"><a href=\"http:\/\/www.kuntsi.net\/viipyy\/wp-content\/uploads\/2015\/12\/vts_srk.png\" rel=\"attachment wp-att-15993\"><img loading=\"lazy\" decoding=\"async\" class=\"aligncenter size-full wp-image-15993\" src=\"http:\/\/www.kuntsi.net\/viipyy\/wp-content\/uploads\/2015\/12\/vts_srk.png\" alt=\"vts_srk\" width=\"200\" height=\"83\" \/><\/a><\/td>\n<td width=\"350\">\n<ul>\n<li>Kokous- ja juhlatilojen k\u00e4ytt\u00f6<\/li>\n<li>Kes\u00e4n 2014 Rautalammen retken tukeminen<\/li>\n<\/ul>\n<\/td>\n<\/tr>\n<tr>\n<td width=\"250\"><a href=\"http:\/\/www.kuntsi.net\/viipyy\/wp-content\/uploads\/2015\/12\/viitasaari_logo.png\" rel=\"attachment wp-att-15994\"><img loading=\"lazy\" decoding=\"async\" class=\"aligncenter size-full wp-image-15994\" src=\"http:\/\/www.kuntsi.net\/viipyy\/wp-content\/uploads\/2015\/12\/viitasaari_logo.png\" alt=\"viitasaari_logo\" width=\"200\" height=\"50\" \/><\/a><\/td>\n<td width=\"350\">\n<ul>\n<li>Tukivat syksyll\u00e4 2015 Seija Ruuskan py\u00f6r\u00e4ilyohjaaja-koulutusta<\/li>\n<li>Palkintoja Viipyy-gaalaan<\/li>\n<\/ul>\n<\/td>\n<\/tr>\n<tr>\n<td width=\"250\"><a href=\"http:\/\/www.kuntsi.net\/viipyy\/wp-content\/uploads\/2015\/11\/konttorikone.png\" rel=\"attachment wp-att-15972\"><img loading=\"lazy\" decoding=\"async\" class=\"aligncenter size-full wp-image-15972\" src=\"http:\/\/www.kuntsi.net\/viipyy\/wp-content\/uploads\/2015\/11\/konttorikone.png\" alt=\"konttorikone\" width=\"200\" height=\"53\" \/><\/a><\/td>\n<td width=\"350\">\n<ul>\n<li>KM-kisa diplomien tukeminen tuntuvilla tulostusalennuksilla<\/li>\n<\/ul>\n<\/td>\n<\/tr>\n<\/tbody>\n<\/table>\n","protected":false},"excerpt":{"rendered":"<p>Viitasaaren py\u00f6r\u00e4ily-yhteis\u00f6 puolianarkistisena, ei rekister\u00f6iryneen\u00e4 yhteis\u00f6n\u00e4, ei omaa rahaliikennett\u00e4, tilej\u00e4 tms. vaan rahoittaa toimintansa ns. k\u00e4ytt\u00e4jien (py\u00f6r\u00e4ilij\u00f6iden) lompakoilla suoraan. T\u00e4st\u00e4 syyst\u00e4 emme my\u00f6sk\u00e4\u00e4n ole kovin herkk\u00e4sti olleet k\u00e4si ojossa yritysten ja muiden yhteis\u00f6jen suuntaan, mutta se ei ole tietenk\u00e4\u00e4n est\u00e4nyt &hellip; <a href=\"https:\/\/www.kuntsi.net\/viipyy\/tukijat\/\">Lue loppuun <span class=\"meta-nav\">&rarr;<\/span><\/a><\/p>\n","protected":false},"author":1,"featured_media":0,"parent":0,"menu_order":40,"comment_status":"closed","ping_status":"closed","template":"","meta":{"footnotes":""},"class_list":["post-15996","page","type-page","status-publish","hentry"],"_links":{"self":[{"href":"https:\/\/www.kuntsi.net\/viipyy\/wp-json\/wp\/v2\/pages\/15996","targetHints":{"allow":["GET"]}}],"collection":[{"href":"https:\/\/www.kuntsi.net\/viipyy\/wp-json\/wp\/v2\/pages"}],"about":[{"href":"https:\/\/www.kuntsi.net\/viipyy\/wp-json\/wp\/v2\/types\/page"}],"author":[{"embeddable":true,"href":"https:\/\/www.kuntsi.net\/viipyy\/wp-json\/wp\/v2\/users\/1"}],"replies":[{"embeddable":true,"href":"https:\/\/www.kuntsi.net\/viipyy\/wp-json\/wp\/v2\/comments?post=15996"}],"version-history":[{"count":7,"href":"https:\/\/www.kuntsi.net\/viipyy\/wp-json\/wp\/v2\/pages\/15996\/revisions"}],"predecessor-version":[{"id":16003,"href":"https:\/\/www.kuntsi.net\/viipyy\/wp-json\/wp\/v2\/pages\/15996\/revisions\/16003"}],"wp:attachment":[{"href":"https:\/\/www.kuntsi.net\/viipyy\/wp-json\/wp\/v2\/media?parent=15996"}],"curies":[{"name":"wp","href":"https:\/\/api.w.org\/{rel}","templated":true}]}}