{"id":957,"date":"2014-02-06T13:56:57","date_gmt":"2014-02-06T11:56:57","guid":{"rendered":"http:\/\/www.kuntsi.net\/viipyy\/?page_id=957"},"modified":"2022-11-30T09:58:58","modified_gmt":"2022-11-30T07:58:58","slug":"en-kai-mina-joukkueeseen","status":"publish","type":"page","link":"https:\/\/www.kuntsi.net\/viipyy\/kilometrikisa\/en-kai-mina-joukkueeseen\/","title":{"rendered":"Enh\u00e4n min\u00e4 nyt joukkueeseen.."},"content":{"rendered":"<p>Enh\u00e4n min\u00e4 teid\u00e4n kilometrikisa-joukkueseen mahdu kun..<\/p>\n<p><strong>.. kun en ole viitasaarelainen!<\/strong><\/p>\n<p>Meill\u00e4 ei ole p\u00e4\u00e4sykokeita, eik\u00e4 p\u00e4\u00e4syvaatimuslistaa. Mukaan on pikkuhiljaa tullut py\u00f6r\u00e4ilij\u00f6it\u00e4 my\u00f6s naapurikunnista, m\u00f6kkiasukkaita Viitasaarelta, entisisi\u00e4 viitasaarelaisia, nykyisten viitasaarelaisten kavereita tai tuttuja. Pieni viitasaari-twisti ei ole koskaan pahitteeksi, mutta ei miss\u00e4\u00e4n nimess\u00e4 v\u00e4ltt\u00e4m\u00e4tt\u00f6myys!<\/p>\n<p><strong>.. minulla on vaan t\u00e4mm\u00f6nen 3-vaihteinen py\u00f6r\u00e4!<\/strong><\/p>\n<p>V\u00e4\u00e4rin! Tervetuloa joukkueeseen! Meill\u00e4 ei tuijoteta kalustoon. Ei vaihteiden m\u00e4\u00e4r\u00e4\u00e4n, ei rengaskokoon, ei siihen onko py\u00f6r\u00e4ss\u00e4si tarakka, lokasuojat, k\u00e4yr\u00e4 tai suora tanko. Porukkalenkeill\u00e4 on ollut mukana niin 26-tuumaista maastopy\u00f6r\u00e4\u00e4 kuin napavaihteista hybridi\u00e4. Ja takuulla my\u00f6s 1-vaihteisella pysyy matkassa!<\/p>\n<p><strong>.. no min\u00e4 ajan vaan n\u00e4it\u00e4 ty\u00f6matka-ajoja muutaman kilometrin p\u00e4iv\u00e4ss\u00e4!<\/strong><\/p>\n<p>Meill\u00e4 ei ole &#8221;vain&#8221; kilometrej\u00e4! Kaikki lasketaan laadusta ja m\u00e4\u00e4r\u00e4st\u00e4 riippumatta. Ajelit sitten kerran viikossa t\u00f6ihin ja takaisin, pari kertaa viikossa kaupalle tai harrastuksiin tai muutaman kerran kuukaudessa makkaranpaistoon laavulle, olet tervetullut joukkueeseen!<\/p>\n<p><strong>.. ei minulla ole mit\u00e4\u00e4n mittaria py\u00f6r\u00e4ss\u00e4 jolla n\u00e4kisi lenkkien pituudet.<\/strong><\/p>\n<p>Lenkit saa mitattua my\u00f6s karttaohjelmilla (<a href=\"https:\/\/maps.google.fi\/\">Google maps<\/a>, <a href=\"http:\/\/kansalaisen.karttapaikka.fi\/kartanhaku\/osoitehaku.html?lang=\">kansalaisen karttapaikka<\/a>, <a href=\"http:\/\/www.paikkatietoikkuna.fi\/web\/fi\/kartta;jsessionid=F57D662FB6E85A4F2A78950C0F0ED00C\">paikkatietoikkuna<\/a>) josta reitin voi mitata j\u00e4lkeenp\u00e4in. Tai vain arvioit kuinka pitk\u00e4n matkan ajoit. Meill\u00e4 ei olla niin kilometrin p\u00e4\u00e4lle. Apuja l\u00f6ytyy py\u00f6r\u00e4ilyporukasta my\u00f6s mittarin hankintaan ja asentamiseen. Esimerkiksi <a href=\"http:\/\/www.sigmasport.com\/en\/produkte\/bikecomputer\/\">Sigman<\/a> mittareita l\u00f6ytyy monista tavarataloista ja urheiluv\u00e4lineliikkeist\u00e4, eiv\u00e4t maksaa montaa kymppi\u00e4 ja asentaminen onnistuu ilman ty\u00f6kaluja.<\/p>\n<p><strong>.. ty\u00f6 ootte tommosia ammattilaisia!<\/strong><\/p>\n<p>No ei tosiaankaan olla! Huhut kyll\u00e4 pit\u00e4v\u00e4t paikkansa: Kilometrikisajoukkueessamme on my\u00f6s entisi\u00e4 ja nykyisi\u00e4 kilpapy\u00f6r\u00e4ilij\u00f6it\u00e4, mutta suurin osa on lajin harrastajia. Kuntoilijoita, retki- ja ty\u00f6matkapy\u00f6r\u00e4ilij\u00f6it\u00e4. Joillain py\u00f6r\u00e4ily on laji tai harrastus muiden joukossa. Ja n\u00e4m\u00e4 kaikki mahtuvat joukkueeseen ja porukkalenkeillemme. Kannattaa k\u00e4yd\u00e4 edes kurkkaamassa toimintaamme.. saatat yll\u00e4tty\u00e4! \ud83d\ude09<\/p>\n<p><strong>.. ei itseasiassa t\u00e4mm\u00f6set kilpailuhommat kiinnosta. Ajelen vaan omaksi ilokseni.<\/strong><\/p>\n<p>Totta! N\u00e4inkin saa Viitasaarella py\u00f6r\u00e4ily\u00e4 harrastaa. Eik\u00e4 Viipyyn kanssa lenkkeilyyn edellytet\u00e4 kilometrikisaan osallistumista. Mukana saa olla ihan muuten vain. \ud83d\ude42<\/p>\n<p><strong>.. kun itseasiassa ajattelin perustaa ty\u00f6porukalla oman joukkueen.<\/strong><\/p>\n<p>Kyll\u00e4! Viitasaarelle mahtuu useampikin joukkue eik\u00e4 pikku joukkueiden v\u00e4linen kisakaan pahitteeksi ole ;).<\/p>\n","protected":false},"excerpt":{"rendered":"<p>Enh\u00e4n min\u00e4 teid\u00e4n kilometrikisa-joukkueseen mahdu kun.. .. kun en ole viitasaarelainen! Meill\u00e4 ei ole p\u00e4\u00e4sykokeita, eik\u00e4 p\u00e4\u00e4syvaatimuslistaa. Mukaan on pikkuhiljaa tullut py\u00f6r\u00e4ilij\u00f6it\u00e4 my\u00f6s naapurikunnista, m\u00f6kkiasukkaita Viitasaarelta, entisisi\u00e4 viitasaarelaisia, nykyisten viitasaarelaisten kavereita tai tuttuja. Pieni viitasaari-twisti ei ole koskaan pahitteeksi, mutta &hellip; <a href=\"https:\/\/www.kuntsi.net\/viipyy\/kilometrikisa\/en-kai-mina-joukkueeseen\/\">Lue loppuun <span class=\"meta-nav\">&rarr;<\/span><\/a><\/p>\n","protected":false},"author":1,"featured_media":0,"parent":971,"menu_order":3,"comment_status":"closed","ping_status":"open","template":"","meta":{"footnotes":""},"class_list":["post-957","page","type-page","status-publish","hentry"],"_links":{"self":[{"href":"https:\/\/www.kuntsi.net\/viipyy\/wp-json\/wp\/v2\/pages\/957","targetHints":{"allow":["GET"]}}],"collection":[{"href":"https:\/\/www.kuntsi.net\/viipyy\/wp-json\/wp\/v2\/pages"}],"about":[{"href":"https:\/\/www.kuntsi.net\/viipyy\/wp-json\/wp\/v2\/types\/page"}],"author":[{"embeddable":true,"href":"https:\/\/www.kuntsi.net\/viipyy\/wp-json\/wp\/v2\/users\/1"}],"replies":[{"embeddable":true,"href":"https:\/\/www.kuntsi.net\/viipyy\/wp-json\/wp\/v2\/comments?post=957"}],"version-history":[{"count":7,"href":"https:\/\/www.kuntsi.net\/viipyy\/wp-json\/wp\/v2\/pages\/957\/revisions"}],"predecessor-version":[{"id":16324,"href":"https:\/\/www.kuntsi.net\/viipyy\/wp-json\/wp\/v2\/pages\/957\/revisions\/16324"}],"up":[{"embeddable":true,"href":"https:\/\/www.kuntsi.net\/viipyy\/wp-json\/wp\/v2\/pages\/971"}],"wp:attachment":[{"href":"https:\/\/www.kuntsi.net\/viipyy\/wp-json\/wp\/v2\/media?parent=957"}],"curies":[{"name":"wp","href":"https:\/\/api.w.org\/{rel}","templated":true}]}}