{"id":973,"date":"2014-02-05T12:35:20","date_gmt":"2014-02-05T10:35:20","guid":{"rendered":"http:\/\/www.kuntsi.net\/viipyy\/?page_id=973"},"modified":"2023-04-04T11:08:55","modified_gmt":"2023-04-04T08:08:55","slug":"mika-on-kilometrikisa","status":"publish","type":"page","link":"https:\/\/www.kuntsi.net\/viipyy\/kilometrikisa\/mika-on-kilometrikisa\/","title":{"rendered":"Mik\u00e4 on Kilometrikisa?"},"content":{"rendered":"<div class=\"wp-block-image\">\n<figure class=\"alignright\"><img loading=\"lazy\" decoding=\"async\" width=\"280\" height=\"177\" src=\"http:\/\/www.kuntsi.net\/viipyy\/wp-content\/uploads\/2016\/04\/kilometrikisa-logo.png\" alt=\"\" class=\"wp-image-16035\"\/><\/figure><\/div>\n\n\n<p><em>&#8221;Kilometrikisa on yritysten, ty\u00f6yhteis\u00f6jen, osastojen, yhdistysten, seurojen tai mink\u00e4 tahansa joukkueiden v\u00e4linen leikkimielinen kilpailu, jossa osallistujat kirjaavat py\u00f6r\u00e4ilykilometrej\u00e4\u00e4n yl\u00f6s ja kartuttavat oman joukkueen kilometrisaldoa.&#8221;&nbsp;<\/em>&#8211;&nbsp;<a href=\"http:\/\/www.kilometrikisa.fi\/\">Kilometrikisa<\/a><\/p>\n\n\n\n<p><span style=\"line-height: 1.4em;\">P\u00e4\u00e4kilpailu ajetaan kes\u00e4ll\u00e4 ja silloin kilometrikisa starttaa toukokuun alussa ja p\u00e4\u00e4ttyy syyskuun lopussa. Ennen kes\u00e4kisaa ajetaan kahden kuukauden mittainen Talvikilometrikisa alkaen tammikuun ensimm\u00e4inen p\u00e4iv\u00e4.<\/span><\/p>\n\n\n\n<p><span style=\"line-height: 1.4em;\">Kilometrikisa on kaikille osallistujille maksuton ja sen j\u00e4rjest\u00e4v\u00e4\u00e4<\/span><a style=\"line-height: 1.4em;\" href=\"http:\/\/www.poljin.fi\/\">&nbsp;Py\u00f6r\u00e4ilykuntien verkosto ry<\/a><span style=\"line-height: 1.4em;\">&nbsp;ja&nbsp;<\/span><a style=\"line-height: 1.4em;\" href=\"http:\/\/www.poljin.fi\/suomipyorailee\">Suomi Py\u00f6r\u00e4ilee<\/a><span style=\"line-height: 1.4em;\">&nbsp;-kampanja.&nbsp;<\/span><span style=\"line-height: 1.4em;\">Vuonna 2012 kilometrikisassa oli mukana joukkueita 1542 ja py\u00f6r\u00e4ilij\u00f6it\u00e4 20 624. Kilometrej\u00e4 kertyi kilpailun aikana yli 21 miljoonaa. Vuonna 2013 enn\u00e4tykset rikkoontuivat j\u00e4lleen. Joukkueita oli mukana 1994, py\u00f6r\u00e4ilij\u00f6it\u00e4 26 734 ja kilometrej\u00e4 kertyi 27,8 miljoonaa!<\/span><\/p>\n\n\n\n<p>Kilometrikisassa on nyt mukana my\u00f6s joukkue Viitasaarelta:<\/p>\n\n\n\n<p><strong>Viipyy &#8211; Team Viitasaari<\/strong><\/p>\n\n\n\n<div class=\"wp-block-columns is-layout-flex wp-container-core-columns-is-layout-2 wp-block-columns-is-layout-flex\">\n<div class=\"wp-block-column is-layout-flow wp-block-column-is-layout-flow\" style=\"flex-basis:100%\">\n<div class=\"wp-block-group\"><div class=\"wp-block-group__inner-container is-layout-constrained wp-block-group-is-layout-constrained\">\n<div class=\"wp-block-columns has-small-font-size is-layout-flex wp-container-core-columns-is-layout-1 wp-block-columns-is-layout-flex\">\n<div class=\"wp-block-column is-layout-flow wp-block-column-is-layout-flow\" style=\"font-size:10px;flex-basis:120%\">\n<div class=\"wp-block-group\" style=\"font-size:10px\"><div class=\"wp-block-group__inner-container is-layout-constrained wp-block-group-is-layout-constrained\">\n<figure class=\"wp-block-table aligncenter alignleft is-style-stripes\" style=\"font-size:11px\"><table><tbody><tr><td>vuosi<\/td><td class=\"has-text-align-left\" data-align=\"left\">kisa<\/td><td><strong>py\u00f6r\u00e4ilij\u00e4\u00e4<\/strong><\/td><td>Sarja<\/td><td>kilometri\u00e4<\/td><\/tr><tr><td>2013<\/td><td class=\"has-text-align-left\" data-align=\"left\">Kilometrikisa<\/td><td><strong>24<\/strong><\/td><td>piensarja<\/td><td>26 226,0<\/td><\/tr><tr><td>2014<\/td><td class=\"has-text-align-left\" data-align=\"left\">Talvikilometrikisa<\/td><td><strong>8<\/strong><\/td><td>piensarja<\/td><td>3 829,9<\/td><\/tr><tr><td>2014<\/td><td class=\"has-text-align-left\" data-align=\"left\">Kilometrikisa<\/td><td><strong>23<\/strong><\/td><td>piensarja<\/td><td>38 606,5<\/td><\/tr><tr><td>2015<\/td><td class=\"has-text-align-left\" data-align=\"left\">Talvikilometrikisa<\/td><td><strong>4<\/strong><\/td><td>piensarja<\/td><td>2 601,0<\/td><\/tr><tr><td>2015<\/td><td class=\"has-text-align-left\" data-align=\"left\">Kilometrikisa<\/td><td><strong>50<\/strong><\/td><td>suursarja<\/td><td>68 593,3<\/td><\/tr><tr><td>2016<\/td><td class=\"has-text-align-left\" data-align=\"left\">Talvikilometrikisa<\/td><td><strong>17<\/strong><\/td><td>piensarja<\/td><td>4 621,7<\/td><\/tr><tr><td>2016<\/td><td class=\"has-text-align-left\" data-align=\"left\">Kilometrikisa<\/td><td><strong>71<\/strong><\/td><td>suursarja<\/td><td>84 128,4<\/td><\/tr><tr><td>2017<\/td><td class=\"has-text-align-left\" data-align=\"left\">Talvikilometrikisa<\/td><td><strong>17<\/strong><\/td><td>piensarja<\/td><td>9 928,0<\/td><\/tr><tr><td>2017<\/td><td class=\"has-text-align-left\" data-align=\"left\">Kilometrikisa<\/td><td><strong>112<\/strong><\/td><td>suursarja<\/td><td>109 379,4<\/td><\/tr><tr><td>2018<\/td><td class=\"has-text-align-left\" data-align=\"left\">Talvikilometrikisa<\/td><td><strong>22<\/strong><\/td><td>piensarja<\/td><td>8 058,8<\/td><\/tr><tr><td>2018<\/td><td class=\"has-text-align-left\" data-align=\"left\">Kilometrikisa<\/td><td><strong>51<\/strong><\/td><td>suursarja<\/td><td>55 693,5<\/td><\/tr><tr><td>2019<\/td><td class=\"has-text-align-left\" data-align=\"left\">Talvikilometrikisa<\/td><td><strong>4<\/strong><\/td><td>piensarja<\/td><td>1 106,1<\/td><\/tr><tr><td>2019<\/td><td class=\"has-text-align-left\" data-align=\"left\">Kilometrikisa<\/td><td><strong>34<\/strong><\/td><td>suursarja<\/td><td>24 724,6<\/td><\/tr><tr><td>2020<\/td><td class=\"has-text-align-left\" data-align=\"left\">Talvikilometrikisa<\/td><td><strong>9<\/strong><\/td><td>piensarja<\/td><td>966,3<\/td><\/tr><tr><td>2020<\/td><td class=\"has-text-align-left\" data-align=\"left\">Kilometrikisa<\/td><td><strong>38<\/strong><\/td><td>suursarja<\/td><td>34 424,2<\/td><\/tr><tr><td>2021<\/td><td class=\"has-text-align-left\" data-align=\"left\">Talvikilometrikisa<\/td><td><strong>5<\/strong><\/td><td>piensarja<\/td><td>180<\/td><\/tr><\/tbody><\/table><\/figure>\n<\/div><\/div>\n<\/div>\n<\/div>\n<\/div><\/div>\n<\/div>\n<\/div>\n\n\n\n<p>Viipyy ei todellakaan ole hampaat irvess\u00e4 mukana. P\u00e4\u00e4tavoite meill\u00e4 on ja on ollut jokaisen kilometrikisan yhteydess\u00e4 <strong>innostaa mukaan uusia py\u00f6r\u00e4ilij\u00f6it\u00e4<\/strong>. Jokainen uusi py\u00f6r\u00e4ilij\u00e4 Viitasaaren katukuvassa ja Viipyyn lenkeill\u00e4 on meille suuri juhlan aihe. Kilometrit kertyv\u00e4t kaiken muun toiminnan ohessa kuin itsest\u00e4\u00e4n!<\/p>\n\n\n\n<p class=\"has-text-align-left\">Eli.. py\u00f6r\u00e4iletk\u00f6? Py\u00f6r\u00e4iletk\u00f6 ty\u00f6matkoja vai kuntoilu mieless\u00e4 tai teetk\u00f6 kes\u00e4isi\u00e4 py\u00f6r\u00e4retki\u00e4? Tai ihan muuten vain? Olisiko pieni lis\u00e4kannuste paikallaan? L\u00e4hde mukaan ker\u00e4\u00e4m\u00e4\u00e4n kilometrej\u00e4 joukkueelle! Jotta p\u00e4\u00e4set mukaan <strong>Viipyy &#8211;&nbsp;Team Viitasaari<\/strong>&nbsp;joukkueeseen tarvitset joukkueen&nbsp;<strong>osallistumiskoodin <\/strong>(vaihtuu joka kisaan), jonka saa Viipyyn joukkueen kapteenilta&nbsp;(Petri Kuntsi email: petri@kuntsi.net) ja muilta jo rekister\u00f6ityneilt\u00e4 py\u00f6r\u00e4ilij\u00f6ilt\u00e4. Lis\u00e4tietoja Kilometrikisan&nbsp;<a href=\"http:\/\/www.kilometrikisa.fi\/rules\/\">s\u00e4\u00e4nn\u00f6t sivulta<\/a>.<\/p>\n\n\n\n<p>Tervetuloa mukaan! Onnistuu my\u00f6s kisan aikana. Kilometrit voidaan merkit\u00e4 takautuvasti alkamisp\u00e4iv\u00e4st\u00e4 l\u00e4htien! \ud83d\ude42<\/p>\n\n\n\n<p>Linkki\u00e4 ja yhteystietoja saa jakaa eteenp\u00e4in!<\/p>\n\n\n\n<p>Terveisin:<br>Petri Kuntsi, Viipyy &#8211; Team Viitasaari joukkueen kapteeni<br>Viitasaari\/Hepokangas<br>petri@kuntsi.net<\/p>\n\n\n\n<figure class=\"wp-block-image\"><a href=\"http:\/\/www.kuntsi.net\/viipyy\/wp-content\/uploads\/2014\/02\/km_kisa_viipyy.jpg\"><img decoding=\"async\" src=\"http:\/\/www.kuntsi.net\/viipyy\/wp-content\/uploads\/2014\/02\/km_kisa_viipyy.jpg\" alt=\"km_kisa_viipyy\"\/><\/a><\/figure>\n","protected":false},"excerpt":{"rendered":"<p>&#8221;Kilometrikisa on yritysten, ty\u00f6yhteis\u00f6jen, osastojen, yhdistysten, seurojen tai mink\u00e4 tahansa joukkueiden v\u00e4linen leikkimielinen kilpailu, jossa osallistujat kirjaavat py\u00f6r\u00e4ilykilometrej\u00e4\u00e4n yl\u00f6s ja kartuttavat oman joukkueen kilometrisaldoa.&#8221;&nbsp;&#8211;&nbsp;Kilometrikisa P\u00e4\u00e4kilpailu ajetaan kes\u00e4ll\u00e4 ja silloin kilometrikisa starttaa toukokuun alussa ja p\u00e4\u00e4ttyy syyskuun lopussa. Ennen kes\u00e4kisaa ajetaan &hellip; <a href=\"https:\/\/www.kuntsi.net\/viipyy\/kilometrikisa\/mika-on-kilometrikisa\/\">Lue loppuun <span class=\"meta-nav\">&rarr;<\/span><\/a><\/p>\n","protected":false},"author":1,"featured_media":0,"parent":971,"menu_order":1,"comment_status":"closed","ping_status":"open","template":"","meta":{"footnotes":""},"class_list":["post-973","page","type-page","status-publish","hentry"],"_links":{"self":[{"href":"https:\/\/www.kuntsi.net\/viipyy\/wp-json\/wp\/v2\/pages\/973","targetHints":{"allow":["GET"]}}],"collection":[{"href":"https:\/\/www.kuntsi.net\/viipyy\/wp-json\/wp\/v2\/pages"}],"about":[{"href":"https:\/\/www.kuntsi.net\/viipyy\/wp-json\/wp\/v2\/types\/page"}],"author":[{"embeddable":true,"href":"https:\/\/www.kuntsi.net\/viipyy\/wp-json\/wp\/v2\/users\/1"}],"replies":[{"embeddable":true,"href":"https:\/\/www.kuntsi.net\/viipyy\/wp-json\/wp\/v2\/comments?post=973"}],"version-history":[{"count":47,"href":"https:\/\/www.kuntsi.net\/viipyy\/wp-json\/wp\/v2\/pages\/973\/revisions"}],"predecessor-version":[{"id":16557,"href":"https:\/\/www.kuntsi.net\/viipyy\/wp-json\/wp\/v2\/pages\/973\/revisions\/16557"}],"up":[{"embeddable":true,"href":"https:\/\/www.kuntsi.net\/viipyy\/wp-json\/wp\/v2\/pages\/971"}],"wp:attachment":[{"href":"https:\/\/www.kuntsi.net\/viipyy\/wp-json\/wp\/v2\/media?parent=973"}],"curies":[{"name":"wp","href":"https:\/\/api.w.org\/{rel}","templated":true}]}}